{"id":1275,"date":"2017-02-07T19:40:40","date_gmt":"2017-02-07T19:40:40","guid":{"rendered":"http:\/\/tommustester.wpengine.com\/?page_id=1275"},"modified":"2025-01-02T17:15:52","modified_gmt":"2025-01-02T17:15:52","slug":"home-knowledge-base","status":"publish","type":"page","link":"\/","title":{"rendered":"Online Dating FAQ The Casual Lounge"},"content":{"rendered":"[vc_row full_width=&#8220;stretch_row&#8220;][vc_column]\n\t\t\t<section class=\"imagebg parallax \" data-overlay=\"3\" >\n\t\t\t\t<div class=\"background-image-holder\"><img width=\"1150\" height=\"766\" src=\"\/wp-content\/uploads\/2018\/06\/iStock_67121705_MEDIUM-e1531836839484.jpg\" class=\"attachment-full size-full\" alt=\"\" decoding=\"async\" loading=\"lazy\" \/><\/div>\n\t\t\t\t<div class=\"container\">\n\t\t\t\t\t<div class=\"row\">\n\t\t\t\t\t\t<div class=\"col-sm-12\">\n\t\t\t\t\t\t\t<div class=\"cta\">\n\t\t\t\t\t\t\t\t[vc_row_inner][vc_column_inner width=&#8220;1\/6&#8243;][\/vc_column_inner][vc_column_inner width=&#8220;2\/3&#8243;][vc_column_text]\n<h1 style=\"text-align: center;\"><strong>Online Dating FAQ &#8211; TheCasualLounge Help Center \u2764\ufe0f<br \/>\n<\/strong><\/h1>\n<p class=\"lead\" style=\"text-align: center;\">H\u00e4ufig gestellte User Fragen beantwortet vom Kundendienst der Casual Lounge<\/p>\n[\/vc_column_text][vc_empty_space][vc_wp_search el_class=&#8220;boxed boxed&#8211;lg bg&#8211;white text-left&#8220;][\/vc_column_inner][vc_column_inner width=&#8220;1\/6&#8243;][\/vc_column_inner][\/vc_row_inner]\n\t\t\t\t\t\t\t<\/div>\n\t\t\t\t\t\t<\/div>\n\t\t\t\t\t<\/div><!--end of row-->\n\t\t\t\t<\/div><!--end of container-->\n\t\t\t\t\n\t\t\t<\/section>\n\t\t[\/vc_column][\/vc_row][vc_row css=&#8220;.vc_custom_1529535808650{margin-top: 30px !important;margin-bottom: 30px !important;}&#8220;][vc_column][vc_column_text]\n<h2 style=\"text-align: center;\"><strong>=\u27a4 Ratgeber Sex Partnersuche im Internet<br \/>\n<\/strong><\/h2>\n<p style=\"text-align: center;\"><strong>Hier finden Sie Antworten auf Nutzer-Anfragen von Casual Lounge Mitgliedern aus \u00d6sterreich an den Support und wertvolle Sexdating Tipps vom Service Team!<\/strong><\/p>\n[\/vc_column_text][\/vc_column][\/vc_row][vc_row][vc_column width=&#8220;1\/2&#8243; css=&#8220;.vc_custom_1529535899512{margin-bottom: -30px !important;}&#8220;]\n\t\t\t<div class=\" feature feature-1\">\n\t\t\t    <img width=\"800\" height=\"400\" src=\"\/wp-content\/uploads\/2018\/06\/800x400-Fotolia-95809958.jpg\" class=\"attachment-large size-large\" alt=\"\" decoding=\"async\" loading=\"lazy\" srcset=\"https:\/\/faq-internal.thecasuallounge.at\/wp-content\/uploads\/2018\/06\/800x400-Fotolia-95809958.jpg 800w, https:\/\/faq-internal.thecasuallounge.at\/wp-content\/uploads\/2018\/06\/800x400-Fotolia-95809958-300x150.jpg 300w, https:\/\/faq-internal.thecasuallounge.at\/wp-content\/uploads\/2018\/06\/800x400-Fotolia-95809958-768x384.jpg 768w\" sizes=\"(max-width: 800px) 100vw, 800px\" \/>\n\t\t\t    <div class=\"feature__body boxed boxed--border\">\n<h2><a href=\"\/allgemein\/\">Casual Lounge: Allgemeines<\/a><\/h2>\n<p>Was ist die Casual Lounge f\u00fcr ein Online Dating Portal und wer steht dahinter? Was macht die Lounge besonders? Wer trifft hier wen, und wof\u00fcr? Jetzt lesen! <a style=\"text-decoration: none;\" href=\"\/allgemein\/\">\u23e9<\/a><\/div>\n\t\t\t<\/div><!--end feature-->\n\t\t[\/vc_column][vc_column width=&#8220;1\/2&#8243; css=&#8220;.vc_custom_1529535906943{margin-bottom: -30px !important;}&#8220;]\n\t\t\t<div class=\" feature feature-1\">\n\t\t\t    <img width=\"800\" height=\"400\" src=\"\/wp-content\/uploads\/2018\/06\/ThinkstockPhotos-514515959-1.jpg\" class=\"attachment-large size-large\" alt=\"\" decoding=\"async\" loading=\"lazy\" srcset=\"https:\/\/faq-internal.thecasuallounge.at\/wp-content\/uploads\/2018\/06\/ThinkstockPhotos-514515959-1.jpg 800w, https:\/\/faq-internal.thecasuallounge.at\/wp-content\/uploads\/2018\/06\/ThinkstockPhotos-514515959-1-300x150.jpg 300w, https:\/\/faq-internal.thecasuallounge.at\/wp-content\/uploads\/2018\/06\/ThinkstockPhotos-514515959-1-768x384.jpg 768w\" sizes=\"(max-width: 800px) 100vw, 800px\" \/>\n\t\t\t    <div class=\"feature__body boxed boxed--border\">\n<h2><a href=\"\/profil\/\">Mein Profil<\/a><\/h2>\n<p>Wie erstelle und verwalte ich mein Profil bei TheCasualLounge, was f\u00fcr Einstellungs-M\u00f6glichkeiten gibt es? Wie habe ich hier garantiert Erfolg? Lernen Sie von den Top-Tipps der Dating-Experten <a style=\"text-decoration: none;\" href=\"\/profil\/\">\u23e9<\/a><\/div>\n\t\t\t<\/div><!--end feature-->\n\t\t[\/vc_column][\/vc_row][vc_row][vc_column width=&#8220;1\/2&#8243; css=&#8220;.vc_custom_1529535922283{margin-bottom: -30px !important;}&#8220;]\n\t\t\t<div class=\" feature feature-1\">\n\t\t\t    <img width=\"800\" height=\"246\" src=\"\/wp-content\/uploads\/2018\/07\/shutterstock_104455379.jpg\" class=\"attachment-large size-large\" alt=\"\" decoding=\"async\" loading=\"lazy\" srcset=\"https:\/\/faq-internal.thecasuallounge.at\/wp-content\/uploads\/2018\/07\/shutterstock_104455379.jpg 800w, https:\/\/faq-internal.thecasuallounge.at\/wp-content\/uploads\/2018\/07\/shutterstock_104455379-300x92.jpg 300w, https:\/\/faq-internal.thecasuallounge.at\/wp-content\/uploads\/2018\/07\/shutterstock_104455379-768x236.jpg 768w\" sizes=\"(max-width: 800px) 100vw, 800px\" \/>\n\t\t\t    <div class=\"feature__body boxed boxed--border\">\n<h2><a href=\"\/kommunikation\/\">Kommunikation<\/a><\/h2>\n<p>Was muss ich bei der Kommunikation auf TheCasualLounge beachten? Wie kann ich\u00a0 Mitgliedern Nachrichten schreiben und habe garantiert Erfolg? Wir verraten es Ihnen gerne! <a style=\"text-decoration: none;\" href=\"\/kommunikation\/\">\u23e9<\/a><\/div>\n\t\t\t<\/div><!--end feature-->\n\t\t[\/vc_column][vc_column width=&#8220;1\/2&#8243; css=&#8220;.vc_custom_1529535926826{margin-bottom: -30px !important;}&#8220;]\n\t\t\t<div class=\" feature feature-1\">\n\t\t\t    <img width=\"800\" height=\"400\" src=\"\/wp-content\/uploads\/2018\/06\/shutterstock_613382234_mit-TCL-1.jpg\" class=\"attachment-large size-large\" alt=\"\" decoding=\"async\" loading=\"lazy\" srcset=\"https:\/\/faq-internal.thecasuallounge.at\/wp-content\/uploads\/2018\/06\/shutterstock_613382234_mit-TCL-1.jpg 800w, https:\/\/faq-internal.thecasuallounge.at\/wp-content\/uploads\/2018\/06\/shutterstock_613382234_mit-TCL-1-300x150.jpg 300w, https:\/\/faq-internal.thecasuallounge.at\/wp-content\/uploads\/2018\/06\/shutterstock_613382234_mit-TCL-1-768x384.jpg 768w\" sizes=\"(max-width: 800px) 100vw, 800px\" \/>\n\t\t\t    <div class=\"feature__body boxed boxed--border\">\n<h2><a href=\"\/sicherheit-datenschutz\/\">Sicherheit & Datenschutz<\/a><\/h2>\n<p>Wie sicher ist The Casual Lounge AT? Wie anonym bin ich auf dieser Online Dating Seite? Wie sicher sind meine pers\u00f6nlichen Daten? Hier bleibt keine Frage offen! <a style=\"text-decoration: none;\" href=\"\/sicherheit-datenschutz\/\">\u23e9<\/a><\/div>\n\t\t\t<\/div><!--end feature-->\n\t\t[\/vc_column][\/vc_row][vc_row][vc_column width=&#8220;1\/2&#8243; css=&#8220;.vc_custom_1529535932123{margin-bottom: -30px !important;}&#8220;]\n\t\t\t<div class=\" feature feature-1\">\n\t\t\t    <img width=\"800\" height=\"400\" src=\"\/wp-content\/uploads\/2018\/06\/shutterstock_358879223.jpg\" class=\"attachment-large size-large\" alt=\"\" decoding=\"async\" loading=\"lazy\" srcset=\"https:\/\/faq-internal.thecasuallounge.at\/wp-content\/uploads\/2018\/06\/shutterstock_358879223.jpg 800w, https:\/\/faq-internal.thecasuallounge.at\/wp-content\/uploads\/2018\/06\/shutterstock_358879223-300x150.jpg 300w, https:\/\/faq-internal.thecasuallounge.at\/wp-content\/uploads\/2018\/06\/shutterstock_358879223-768x384.jpg 768w\" sizes=\"(max-width: 800px) 100vw, 800px\" \/>\n\t\t\t    <div class=\"feature__body boxed boxed--border\">\n<h2><a href=\"\/technische-probleme\/\">Technische Probleme<\/a><\/h2>\n<p>Auf den folgenden Seiten finden sie m\u00f6gliche L\u00f6sungen zu den h\u00e4ufigsten technischen Problemen, mit denen sich Nutzer an uns wenden. Hier haben wir die Probleme \u00fcbersichtlich f\u00fcr Sie erkl\u00e4rt. <a style=\"text-decoration: none;\" href=\"\/technische-probleme\/\">\u23e9<\/a><\/div>\n\t\t\t<\/div><!--end feature-->\n\t\t[\/vc_column][vc_column width=&#8220;1\/2&#8243; css=&#8220;.vc_custom_1529535936680{margin-bottom: -30px !important;}&#8220;]\n\t\t\t<div class=\" feature feature-1\">\n\t\t\t    <img width=\"800\" height=\"400\" src=\"\/wp-content\/uploads\/2018\/06\/ThinkstockPhotos-5131829771.jpg\" class=\"attachment-large size-large\" alt=\"\" decoding=\"async\" loading=\"lazy\" srcset=\"https:\/\/faq-internal.thecasuallounge.at\/wp-content\/uploads\/2018\/06\/ThinkstockPhotos-5131829771.jpg 800w, https:\/\/faq-internal.thecasuallounge.at\/wp-content\/uploads\/2018\/06\/ThinkstockPhotos-5131829771-300x150.jpg 300w, https:\/\/faq-internal.thecasuallounge.at\/wp-content\/uploads\/2018\/06\/ThinkstockPhotos-5131829771-768x384.jpg 768w\" sizes=\"(max-width: 800px) 100vw, 800px\" \/>\n\t\t\t    <div class=\"feature__body boxed boxed--border\">\n<h2><a href=\"\/kosten-preise\/\"><span style=\"vertical-align: inherit;\">Kosten & Preise<\/span><\/a><\/h2>\n<p><span>Wieviel kostet TheCasualLounge.at? Welche Zahlungsm\u00f6glichkeiten gibt es? Gibt es Sonderangebote? Hier finden Sie die Kosten und Preise von TheCasualLounge 2025 im \u00dcberblick. <\/span><a href=\"https:\/\/www.thecasuallounge.ch\/faq\/kosten-preise\/\"><span>\u23e9<\/span><\/a><span>\u00a0.<\/span><\/div>\n\t\t\t<\/div><!--end feature-->\n\t\t[\/vc_column][\/vc_row][vc_row][vc_column width=&#8220;1\/4&#8243;][\/vc_column][vc_column width=&#8220;1\/2&#8243; css=&#8220;.vc_custom_1529535940807{margin-bottom: -30px !important;}&#8220;]\n\t\t\t<div class=\" feature feature-1\">\n\t\t\t    <img width=\"800\" height=\"400\" src=\"\/wp-content\/uploads\/2018\/06\/shutterstock_368524031.jpg\" class=\"attachment-large size-large\" alt=\"\" decoding=\"async\" loading=\"lazy\" srcset=\"https:\/\/faq-internal.thecasuallounge.at\/wp-content\/uploads\/2018\/06\/shutterstock_368524031.jpg 800w, https:\/\/faq-internal.thecasuallounge.at\/wp-content\/uploads\/2018\/06\/shutterstock_368524031-300x150.jpg 300w, https:\/\/faq-internal.thecasuallounge.at\/wp-content\/uploads\/2018\/06\/shutterstock_368524031-768x384.jpg 768w\" sizes=\"(max-width: 800px) 100vw, 800px\" \/>\n\t\t\t    <div class=\"feature__body boxed boxed--border\">\n<h2><a href=\"\/erfahrungen\/\">Erfahrungen & Meinungen<\/a><\/h2>\n<p>Was sagen Nutzer \u00fcber TheCasualLounge \u00d6sterreich? Welche Erfahrungen und pers\u00f6nliche Erlebnisse haben unsere Mitglieder beim Casual Dating gemacht? Was kann ich von dieser Datingb\u00f6rse erwarten? Wir haben Ihnen einen Teil unserer Kundenerfahrungen, Meinungen und Bewertungen aufbereitet. <a style=\"text-decoration: none;\" href=\"\/erfahrungen\/\">\u23e9<\/a><\/div>\n\t\t\t<\/div><!--end feature-->\n\t\t[\/vc_column][vc_column width=&#8220;1\/4&#8243;][\/vc_column][\/vc_row]\n","protected":false},"excerpt":{"rendered":"<p>[vc_row full_width=&#8220;stretch_row&#8220;][vc_column][\/vc_column][\/vc_row][vc_row css=&#8220;.vc_custom_1529535808650{margin-top: 30px !important;margin-bottom: 30px !important;}&#8220;][vc_column][vc_column_text] =\u27a4 Ratgeber Sex Partnersuche im Internet Hier finden Sie Antworten auf Nutzer-Anfragen von Casual Lounge&#8230;<\/p>\n","protected":false},"author":1,"featured_media":0,"parent":0,"menu_order":0,"comment_status":"closed","ping_status":"closed","template":"","meta":{"_mi_skip_tracking":false},"_links":{"self":[{"href":"https:\/\/faq-internal.thecasuallounge.at\/wp-json\/wp\/v2\/pages\/1275"}],"collection":[{"href":"https:\/\/faq-internal.thecasuallounge.at\/wp-json\/wp\/v2\/pages"}],"about":[{"href":"https:\/\/faq-internal.thecasuallounge.at\/wp-json\/wp\/v2\/types\/page"}],"author":[{"embeddable":true,"href":"https:\/\/faq-internal.thecasuallounge.at\/wp-json\/wp\/v2\/users\/1"}],"replies":[{"embeddable":true,"href":"https:\/\/faq-internal.thecasuallounge.at\/wp-json\/wp\/v2\/comments?post=1275"}],"version-history":[{"count":187,"href":"https:\/\/faq-internal.thecasuallounge.at\/wp-json\/wp\/v2\/pages\/1275\/revisions"}],"predecessor-version":[{"id":4816,"href":"https:\/\/faq-internal.thecasuallounge.at\/wp-json\/wp\/v2\/pages\/1275\/revisions\/4816"}],"wp:attachment":[{"href":"https:\/\/faq-internal.thecasuallounge.at\/wp-json\/wp\/v2\/media?parent=1275"}],"curies":[{"name":"wp","href":"https:\/\/api.w.org\/{rel}","templated":true}]}}